{"id":77,"date":"2022-02-28T18:12:48","date_gmt":"2022-02-28T17:12:48","guid":{"rendered":"http:\/\/www.ayumikintsugi.fr\/?page_id=77"},"modified":"2022-04-17T18:54:51","modified_gmt":"2022-04-17T16:54:51","slug":"a-propos","status":"publish","type":"page","link":"http:\/\/www.ayumikintsugi.fr\/index.php\/a-propos\/","title":{"rendered":"A propos"},"content":{"rendered":"<p>[et_pb_section fb_built=&#8221;1&#8243; admin_label=&#8221;Page Title Section&#8221; _builder_version=&#8221;4.9.1&#8243; use_background_color_gradient=&#8221;on&#8221; background_color_gradient_start=&#8221;#000000&#8243; background_color_gradient_end=&#8221;rgba(0,0,0,0)&#8221; background_color_gradient_direction=&#8221;120deg&#8221; background_color_gradient_overlays_image=&#8221;on&#8221; background_image=&#8221;http:\/\/www.ayumikintsugi.fr\/wp-content\/uploads\/2022\/03\/fond-apropos1.jpg&#8221; custom_padding=&#8221;104px||110px|||&#8221;][et_pb_row column_structure=&#8221;1_2,1_2&#8243; _builder_version=&#8221;3.25&#8243; background_size=&#8221;initial&#8221; background_position=&#8221;top_left&#8221; background_repeat=&#8221;repeat&#8221;][et_pb_column type=&#8221;1_2&#8243; _builder_version=&#8221;3.25&#8243; custom_padding=&#8221;|||&#8221; custom_padding__hover=&#8221;|||&#8221;][et_pb_text admin_label=&#8221;A propos de l&#8217;atelier d&#8217;Ayumi&#8221; _builder_version=&#8221;3.27.4&#8243; text_font=&#8221;||||||||&#8221; header_font=&#8221;Poppins|600|||||||&#8221; header_font_size=&#8221;60px&#8221; header_2_font=&#8221;||||||||&#8221; background_layout=&#8221;dark&#8221; custom_margin=&#8221;||20px|&#8221; custom_padding=&#8221;|||3px||&#8221; animation_style=&#8221;fade&#8221; header_font_size_tablet=&#8221;&#8221; header_font_size_phone=&#8221;40px&#8221; header_font_size_last_edited=&#8221;on|phone&#8221;]<\/p>\n<h1>Bienvenue dans l&#8217;atelier<\/h1>\n<p>[\/et_pb_text][et_pb_text admin_label=&#8221;Passionn\u00e9e par le kintsufi, je me propose de vous faire d\u00e9couvrir cette discipline&#8221; _builder_version=&#8221;3.27.4&#8243; text_font=&#8221;Poppins||||||||&#8221; text_font_size=&#8221;18px&#8221; text_line_height=&#8221;1.8em&#8221; header_font=&#8221;||||||||&#8221; background_layout=&#8221;dark&#8221; custom_padding=&#8221;||0px|||&#8221; animation_style=&#8221;fade&#8221;]<\/p>\n<p>Passionn\u00e9e de Kintsugi, Ayumi se propose de vous faire d\u00e9couvrir cette art traditionnel japonais.<\/p>\n<p>[\/et_pb_text][\/et_pb_column][et_pb_column type=&#8221;1_2&#8243; _builder_version=&#8221;3.25&#8243; custom_padding=&#8221;|||&#8221; custom_padding__hover=&#8221;|||&#8221;][\/et_pb_column][\/et_pb_row][\/et_pb_section][et_pb_section fb_built=&#8221;1&#8243; admin_label=&#8221;Team&#8221; _builder_version=&#8221;3.22&#8243; background_color=&#8221;#efe9e4&#8243; custom_padding=&#8221;90px||90px|&#8221;][et_pb_row _builder_version=&#8221;4.9.1&#8243; module_alignment=&#8221;center&#8221; custom_padding=&#8221;||10px|&#8221; locked=&#8221;off&#8221;][et_pb_column type=&#8221;4_4&#8243; _builder_version=&#8221;4.9.1&#8243; custom_padding=&#8221;|||&#8221; custom_padding__hover=&#8221;|||&#8221;][et_pb_text admin_label=&#8221;Title&#8221; _builder_version=&#8221;3.27.4&#8243; text_font=&#8221;||||||||&#8221; header_font=&#8221;||||||||&#8221; header_2_font=&#8221;Poppins|600|||||||&#8221; header_2_text_align=&#8221;center&#8221; header_2_font_size=&#8221;36px&#8221; header_2_line_height=&#8221;1.4em&#8221; max_width=&#8221;550px&#8221; module_alignment=&#8221;center&#8221; custom_margin=&#8221;||0px|&#8221; animation_style=&#8221;fade&#8221; locked=&#8221;off&#8221;]<\/p>\n<h2><span>\u00c0<\/span> propos d&#8217;Ayumi<\/h2>\n<p>[\/et_pb_text][et_pb_divider color=&#8221;#fdb467&#8243; divider_position=&#8221;center&#8221; divider_weight=&#8221;3px&#8221; _builder_version=&#8221;3.2&#8243; max_width=&#8221;50px&#8221; module_alignment=&#8221;center&#8221; custom_margin=&#8221;||20px|&#8221; animation_style=&#8221;slide&#8221; animation_direction=&#8221;top&#8221; animation_intensity_slide=&#8221;10%&#8221; animation_starting_opacity=&#8221;100%&#8221; locked=&#8221;off&#8221;][\/et_pb_divider][et_pb_text admin_label=&#8221;Texte&#8221; _builder_version=&#8221;4.9.1&#8243; text_font=&#8221;Poppins||||||||&#8221; text_text_color=&#8221;#666666&#8243; text_font_size=&#8221;18px&#8221; text_line_height=&#8221;1.8em&#8221; text_orientation=&#8221;center&#8221; max_width=&#8221;550px&#8221; module_alignment=&#8221;center&#8221; custom_margin=&#8221;|137px||||&#8221; custom_padding=&#8221;|0px||0px||&#8221; animation_style=&#8221;fade&#8221; locked=&#8221;off&#8221;]<\/p>\n<p>Originaire de la pr\u00e9fecture de MIE, Ayumi BACON ITO est partie vivre \u00e0 KYOTO dans le cadre de ses \u00e9tudes universitaires. Fascin\u00e9e par la culture traditionnelle japonaise encore vivante dans l&#8217;ancienne capitale, elle y v\u00e9cu pendant 20 ans. C&#8217;est l\u00e0 qu&#8217;elle fit la rencontre de TANIGAWA Mine Sensei, qui lui enseigna l&#8217;art du Kintsugi. Install\u00e9e \u00e0 LILLE depuis 2019 o\u00f9 elle y a ouvert son atelier, Ayumi tente, \u00e0 travers diverses exp\u00e9riences, de transmettre sa passion pour cet art ancestral et philosophique qu&#8217;est le Kintsugi.<\/p>\n<p>[\/et_pb_text][\/et_pb_column][\/et_pb_row][et_pb_row column_structure=&#8221;1_3,1_3,1_3&#8243; _builder_version=&#8221;3.25&#8243; custom_margin=&#8221;30px|||&#8221; custom_padding=&#8221;|||&#8221;][et_pb_column type=&#8221;1_3&#8243; _builder_version=&#8221;3.25&#8243; custom_padding=&#8221;|||&#8221; custom_padding__hover=&#8221;|||&#8221;][\/et_pb_column][et_pb_column type=&#8221;1_3&#8243; _builder_version=&#8221;3.25&#8243; custom_padding=&#8221;|||&#8221; custom_padding__hover=&#8221;|||&#8221;][et_pb_team_member name=&#8221;Ayumi ITO BACON&#8221; image_url=&#8221;http:\/\/www.ayumikintsugi.fr\/wp-content\/uploads\/2022\/03\/ayumi.jpg&#8221; _builder_version=&#8221;4.9.1&#8243; header_font=&#8221;Poppins|600|||||||&#8221; header_font_size=&#8221;24px&#8221; body_font=&#8221;||||||||&#8221; body_font_size=&#8221;18px&#8221; text_orientation=&#8221;center&#8221; animation_style=&#8221;fade&#8221; locked=&#8221;off&#8221;][\/et_pb_team_member][\/et_pb_column][et_pb_column type=&#8221;1_3&#8243; _builder_version=&#8221;3.25&#8243; custom_padding=&#8221;|||&#8221; custom_padding__hover=&#8221;|||&#8221;][\/et_pb_column][\/et_pb_row][\/et_pb_section][et_pb_section fb_built=&#8221;1&#8243; _builder_version=&#8221;3.22&#8243; background_color=&#8221;#1e1d1c&#8221; custom_padding=&#8221;90px||90px|&#8221;][et_pb_row column_structure=&#8221;1_2,1_2&#8243; _builder_version=&#8221;3.25&#8243;][et_pb_column type=&#8221;1_2&#8243; _builder_version=&#8221;3.25&#8243; custom_padding=&#8221;|||&#8221; custom_padding__hover=&#8221;|||&#8221;][et_pb_image src=&#8221;http:\/\/www.ayumikintsugi.fr\/wp-content\/uploads\/2022\/03\/le-kintsugi1.jpg&#8221; title_text=&#8221;le kintsugi1&#8243; force_fullwidth=&#8221;on&#8221; align_tablet=&#8221;center&#8221; align_phone=&#8221;&#8221; align_last_edited=&#8221;on|desktop&#8221; _builder_version=&#8221;4.9.1&#8243; animation_style=&#8221;fade&#8221;][\/et_pb_image][et_pb_image src=&#8221;http:\/\/www.ayumikintsugi.fr\/wp-content\/uploads\/2022\/03\/galerie4.jpg&#8221; title_text=&#8221;galerie4&#8243; _builder_version=&#8221;4.9.1&#8243; _module_preset=&#8221;default&#8221;][\/et_pb_image][\/et_pb_column][et_pb_column type=&#8221;1_2&#8243; _builder_version=&#8221;3.25&#8243; custom_padding=&#8221;30px||30px|&#8221; custom_padding__hover=&#8221;|||&#8221;][et_pb_text admin_label=&#8221;Title&#8221; _builder_version=&#8221;4.9.1&#8243; text_font=&#8221;||||||||&#8221; header_font=&#8221;||||||||&#8221; header_2_font=&#8221;Poppins|600|||||||&#8221; header_2_font_size=&#8221;36px&#8221; header_2_line_height=&#8221;1.2em&#8221; background_layout=&#8221;dark&#8221; max_width=&#8221;750px&#8221; custom_margin=&#8221;||0px|&#8221; animation_style=&#8221;fade&#8221; animation_direction=&#8221;left&#8221; animation_starting_opacity=&#8221;100%&#8221;]<\/p>\n<h2>Le kintsugi<\/h2>\n<p>[\/et_pb_text][et_pb_divider color=&#8221;#fdb467&#8243; divider_position=&#8221;center&#8221; divider_weight=&#8221;3px&#8221; _builder_version=&#8221;4.9.1&#8243; max_width=&#8221;50px&#8221; animation_style=&#8221;slide&#8221; animation_direction=&#8221;top&#8221; animation_intensity_slide=&#8221;10%&#8221; animation_starting_opacity=&#8221;100%&#8221;][\/et_pb_divider][et_pb_text _builder_version=&#8221;4.9.1&#8243; text_font=&#8221;Poppins||||||||&#8221; text_text_color=&#8221;rgba(255,255,255,0.7)&#8221; text_font_size=&#8221;18px&#8221; text_line_height=&#8221;1.8em&#8221; max_width=&#8221;750px&#8221; custom_margin=&#8221;25px|||&#8221; custom_padding=&#8221;8px|||||&#8221; animation_style=&#8221;fade&#8221; animation_direction=&#8221;left&#8221; animation_starting_opacity=&#8221;100%&#8221;]<\/p>\n<p style=\"text-align: justify;\"><span style=\"color: #fdb467;\">Le Kintsugi<\/span> est une m\u00e9thode japonaise de r\u00e9paration de poterie qui est n\u00e9e \u00e0 la fin du XV\u00e8me si\u00e8cle, au milieu de la p\u00e9riode Muromachi. A cette \u00e9poque, la c\u00e9r\u00e9monie du th\u00e9 commen\u00e7ait \u00e0 prendre de l\u2019importance et les services \u00e0 th\u00e9, souvent import\u00e9s de Chine, \u00e9taient des biens rares et pr\u00e9cieux. Ne pouvant renvoyer les c\u00e9ramiques en Chine quand ils \u00e9taient cass\u00e9s, les meilleurs artisans japonais redoubl\u00e8rent d\u2019effort pour redonner vie aux objets abim\u00e9s de la cour Imp\u00e9riale et Shogunale.<\/p>\n<p style=\"text-align: justify;\">Bien plus qu\u2019une simple m\u00e9thode de r\u00e9paration, une philosophie \u00e9tait n\u00e9e. Au lieu de tenter de masquer les f\u00ealures, les artisans les mirent en valeur avec de l\u2019or, s\u2019appuyant sur le concept du wabi-sabi qui revient, si on veut simplifier, \u00e0 trouver la perfection dans l\u2019imperfection. Les sillons dor\u00e9s furent nomm\u00e9s keshiki (paysage) rappelant le trac\u00e9 des fleuves et des rivi\u00e8res.<\/p>\n<p style=\"text-align: justify;\">Avec le temps, le <span style=\"color: #fdb467;\">kintsugi<\/span> est devenu la m\u00e9thode traditionnelle de r\u00e9paration des poteries, avec cette esth\u00e9tique propre au peuple japonais qui permit \u00e0 cette discipline de devenir un art, au m\u00eame titre que l\u2019ikebana, le sad\u00f4 ou encore le shod\u00f4.<\/p>\n<p>&nbsp;<\/p>\n<p>[\/et_pb_text][\/et_pb_column][\/et_pb_row][\/et_pb_section][et_pb_section fb_built=&#8221;1&#8243; admin_label=&#8221;Resident Artists&#8221; _builder_version=&#8221;3.22&#8243; background_color=&#8221;#efe9e4&#8243; custom_padding=&#8221;90px||90px|&#8221;][et_pb_row column_structure=&#8221;1_2,1_2&#8243; _builder_version=&#8221;4.9.1&#8243; custom_padding=&#8221;||10px|&#8221; locked=&#8221;off&#8221;][et_pb_column type=&#8221;1_2&#8243; _builder_version=&#8221;3.25&#8243; custom_padding=&#8221;|||&#8221; custom_padding__hover=&#8221;|||&#8221;][et_pb_text _builder_version=&#8221;4.9.1&#8243; _module_preset=&#8221;default&#8221; text_font=&#8221;Poppins||||||||&#8221; text_font_size=&#8221;18px&#8221; text_line_height=&#8221;1.8em&#8221; custom_padding=&#8221;||0px|||&#8221; animation_style=&#8221;fade&#8221;]<\/p>\n<p style=\"text-align: justify;\">Pour les non-initi\u00e9s, le <span style=\"color: #fdb467;\">kintsugi<\/span> se r\u00e9sume souvent \u00e0 une r\u00e9paration \u00e0 l\u2019or. Le nom est lui-m\u00eame source d\u2019erreur car <span style=\"color: #fdb467;\">kintsugi<\/span> signifie \u00ab jointure d\u2019or \u00bb. En r\u00e9alit\u00e9, la base du travail du <span style=\"color: #fdb467;\">kintsugi<\/span> se r\u00e9alise avec l\u2019urushi (laque japonaise). L&#8217; urushi est une <span>s\u00e8ve issue d\u2019un arbre de la famille des Anarcardiaceae.<\/span><br \/>Appliqu\u00e9 pur ou m\u00e9lang\u00e9 \u00e0 de la terre ou de la farine, selon le travail \u00e0 accomplir, la r\u00e9paration \u00e0 l\u2019urushi est tr\u00e8s d\u00e9licate. Elle n\u00e9cessite de nombreuses couches et polissages et une grande attention durant les p\u00e9riodes de s\u00e9chage (notamment du point de vue des temp\u00e9ratures et de l\u2019hygrom\u00e9trie). Ce n\u2019est qu\u2019une fois la r\u00e9paration \u00e0 l\u2019urushi effectu\u00e9e qu\u2019intervient la finition \u00e0 l\u2019or, ou \u00e0 l\u2019argent (gintsugi).<\/p>\n<p style=\"text-align: justify;\">Avec le monde moderne, le <span style=\"color: #fdb467;\">kintsugi<\/span> a, petit \u00e0 petit, perdu de son attrait. Dans une \u00e9poque de surproduction d\u2019objets bon march\u00e9, o\u00f9 tout doit aller vite, le <span style=\"color: #fdb467;\">kintsugi<\/span> ne semblait plus avoir sa place, m\u00eame au pays des traditions s\u00e9culaires. Malgr\u00e9 tout, quelques Sensei ont continu\u00e9 \u00e0 enseigner cet art traditionnel. Apr\u00e8s le grand tremblement de terre de 2011 qui ravagea le Kant\u00f4, de nombreuses pi\u00e8ces de collections ayant \u00e9t\u00e9 ab\u00eem\u00e9es, le<br \/><span style=\"color: #fdb467;\">kintsugi<\/span> retrouva un regain d\u2019int\u00e9r\u00eat.<\/p>\n<p>[\/et_pb_text][\/et_pb_column][et_pb_column type=&#8221;1_2&#8243; _builder_version=&#8221;3.25&#8243; custom_padding=&#8221;|||&#8221; custom_padding__hover=&#8221;|||&#8221;][et_pb_image src=&#8221;http:\/\/www.ayumikintsugi.fr\/wp-content\/uploads\/2022\/03\/matcha2-scaled.jpeg&#8221; title_text=&#8221;matcha2&#8243; _builder_version=&#8221;4.9.1&#8243; _module_preset=&#8221;default&#8221; animation_style=&#8221;slide&#8221; animation_direction=&#8221;right&#8221;][\/et_pb_image][et_pb_image src=&#8221;http:\/\/www.ayumikintsugi.fr\/wp-content\/uploads\/2022\/03\/outils.jpg&#8221; title_text=&#8221;outils&#8221; _builder_version=&#8221;4.9.1&#8243; _module_preset=&#8221;default&#8221; animation_style=&#8221;slide&#8221; animation_direction=&#8221;bottom&#8221;][\/et_pb_image][\/et_pb_column][\/et_pb_row][\/et_pb_section][et_pb_section fb_built=&#8221;1&#8243; admin_label=&#8221;Divider Section&#8221; _builder_version=&#8221;3.22&#8243; background_color=&#8221;#1e1d1c&#8221; custom_padding=&#8221;0px||0px|&#8221;][et_pb_row admin_label=&#8221;Divider Area&#8221; _builder_version=&#8221;3.25&#8243; custom_padding=&#8221;0px||0px|&#8221;][et_pb_column type=&#8221;4_4&#8243; _builder_version=&#8221;3.25&#8243; custom_padding=&#8221;|||&#8221; custom_padding__hover=&#8221;|||&#8221;][et_pb_divider color=&#8221;rgba(255,255,255,0.12)&#8221; divider_position=&#8221;center&#8221; _builder_version=&#8221;3.2&#8243;][\/et_pb_divider][\/et_pb_column][\/et_pb_row][\/et_pb_section][et_pb_section fb_built=&#8221;1&#8243; admin_label=&#8221;Footer Section&#8221; _builder_version=&#8221;4.9.1&#8243; background_color=&#8221;#1e1d1c&#8221; custom_padding=&#8221;10px||10px||false|false&#8221;][et_pb_row disabled_on=&#8221;off|off|off&#8221; admin_label=&#8221;Social Media&#8221; _builder_version=&#8221;3.25&#8243; custom_margin=&#8221;30px|||&#8221;][et_pb_column type=&#8221;4_4&#8243; _builder_version=&#8221;3.25&#8243; custom_padding=&#8221;|||&#8221; custom_padding__hover=&#8221;|||&#8221;][et_pb_social_media_follow _builder_version=&#8221;4.9.1&#8243; text_orientation=&#8221;center&#8221;][et_pb_social_media_follow_network social_network=&#8221;facebook&#8221; url=&#8221;https:\/\/www.facebook.com\/Latelier-dAyumi-%E3%83%BC-%E9%87%91%E7%B6%99%E3%81%8E-%E3%81%82%E3%82%86%E3%81%BF-106049740900750\/&#8221; _builder_version=&#8221;4.9.1&#8243; background_color=&#8221;#fdb467&#8243; custom_margin=&#8221;|8px||8px&#8221; custom_padding=&#8221;14px|14px|14px|14px&#8221; border_radii=&#8221;on|100px|100px|100px|100px&#8221; follow_button=&#8221;off&#8221; url_new_window=&#8221;on&#8221;]facebook[\/et_pb_social_media_follow_network][et_pb_social_media_follow_network social_network=&#8221;instagram&#8221; url=&#8221;https:\/\/www.instagram.com\/ayumikintsugi\/&#8221; _builder_version=&#8221;4.9.1&#8243; background_color=&#8221;#fdb467&#8243; custom_margin=&#8221;|8px||8px&#8221; custom_padding=&#8221;14px|14px|14px|14px&#8221; border_radii=&#8221;on|100px|100px|100px|100px&#8221; follow_button=&#8221;off&#8221; url_new_window=&#8221;on&#8221;]instagram[\/et_pb_social_media_follow_network][\/et_pb_social_media_follow][\/et_pb_column][\/et_pb_row][\/et_pb_section]<\/p>\n","protected":false},"excerpt":{"rendered":"<p>[et_pb_section fb_built=&#8221;1&#8243; admin_label=&#8221;Page Title Section&#8221; _builder_version=&#8221;4 [&hellip;]<\/p>\n","protected":false},"author":1,"featured_media":0,"parent":0,"menu_order":0,"comment_status":"closed","ping_status":"closed","template":"","meta":{"_et_pb_use_builder":"on","_et_pb_old_content":"","_et_gb_content_width":"","footnotes":""},"class_list":["post-77","page","type-page","status-publish","hentry"],"_links":{"self":[{"href":"http:\/\/www.ayumikintsugi.fr\/index.php\/wp-json\/wp\/v2\/pages\/77","targetHints":{"allow":["GET"]}}],"collection":[{"href":"http:\/\/www.ayumikintsugi.fr\/index.php\/wp-json\/wp\/v2\/pages"}],"about":[{"href":"http:\/\/www.ayumikintsugi.fr\/index.php\/wp-json\/wp\/v2\/types\/page"}],"author":[{"embeddable":true,"href":"http:\/\/www.ayumikintsugi.fr\/index.php\/wp-json\/wp\/v2\/users\/1"}],"replies":[{"embeddable":true,"href":"http:\/\/www.ayumikintsugi.fr\/index.php\/wp-json\/wp\/v2\/comments?post=77"}],"version-history":[{"count":33,"href":"http:\/\/www.ayumikintsugi.fr\/index.php\/wp-json\/wp\/v2\/pages\/77\/revisions"}],"predecessor-version":[{"id":440,"href":"http:\/\/www.ayumikintsugi.fr\/index.php\/wp-json\/wp\/v2\/pages\/77\/revisions\/440"}],"wp:attachment":[{"href":"http:\/\/www.ayumikintsugi.fr\/index.php\/wp-json\/wp\/v2\/media?parent=77"}],"curies":[{"name":"wp","href":"https:\/\/api.w.org\/{rel}","templated":true}]}}